{"id":1093,"date":"2023-11-15T07:53:21","date_gmt":"2023-11-15T07:53:21","guid":{"rendered":"https:\/\/jtpharma.es\/nuevaweb2025\/?page_id=1093"},"modified":"2025-08-15T07:50:11","modified_gmt":"2025-08-15T07:50:11","slug":"politica-medioambiental","status":"publish","type":"page","link":"https:\/\/jtpharma.es\/nuevaweb2025\/politica-medioambiental\/","title":{"rendered":"Pol\u00edtica Medioambiental"},"content":{"rendered":"<p><div class=\"fusion-fullwidth fullwidth-box fusion-builder-row-1 fusion-flex-container has-pattern-background has-mask-background fusion-parallax-none hundred-percent-fullwidth non-hundred-percent-height-scrolling lazyload\" style=\"--awb-border-radius-top-left:0px;--awb-border-radius-top-right:0px;--awb-border-radius-bottom-right:0px;--awb-border-radius-bottom-left:0px;--awb-padding-top:0px;--awb-padding-right:0px;--awb-padding-bottom:326px;--awb-padding-left:0px;--awb-padding-right-medium:30px;--awb-padding-left-medium:30px;--awb-margin-top:0px;--awb-background-color:#ffffff;--awb-background-size:cover;--awb-flex-wrap:wrap;\" data-bg=\"https:\/\/jtpharma.es\/nuevaweb2025\/wp-content\/uploads\/2024\/01\/politica.jpg\" ><div class=\"awb-background-pattern\" style=\"background-image:  url(data:image\/svg+xml;utf8,%3Csvg%20width%3D%22120%22%20height%3D%22120%22%20fill%3D%22none%22%20xmlns%3D%22http%3A%2F%2Fwww.w3.org%2F2000%2Fsvg%22%3E%3Cg%20clip-path%3D%22url%28%23prefix__clip0_44_400%29%22%20fill%3D%22rgba%28234%2C176%2C60%2C1%29%22%3E%3Cpath%20d%3D%22M4.5%2061.92A1.08%201.08%200%20003.42%2063H4.5v-1.08zM.9%2060.48c.375%200%20.704-.19.898-.48H.002c.194.29.523.48.898.48zM18.9%2061.92A1.08%201.08%200%200017.82%2063h1.08v-1.08zM11.7%2061.92A1.08%201.08%200%200010.62%2063h2.16a1.08%201.08%200%2000-1.08-1.08zM5.58%2063a1.08%201.08%200%2000-1.08-1.08V63h1.08zM15.3%2060.48c.375%200%20.703-.19.898-.48h-1.796c.194.29.523.48.898.48zM8.1%2060.48c.375%200%20.704-.19.898-.48H7.202c.194.29.523.48.898.48zM33.3%2063v-1.08A1.08%201.08%200%200032.22%2063h1.08zM26.1%2061.92A1.08%201.08%200%200025.02%2063h2.16a1.08%201.08%200%2000-1.08-1.08zM19.98%2063a1.08%201.08%200%2000-1.08-1.08V63h1.08zM29.7%2060.48c.375%200%20.704-.19.898-.48h-1.796c.194.29.523.48.898.48zM22.5%2060.48c.375%200%20.703-.19.898-.48h-1.796c.194.29.523.48.898.48zM46.62%2063h1.08v-1.08A1.08%201.08%200%200046.62%2063zM40.5%2061.92A1.08%201.08%200%200039.42%2063h2.16a1.08%201.08%200%2000-1.08-1.08zM34.38%2063a1.08%201.08%200%2000-1.08-1.08V63h1.08zM44.1%2060.48c.375%200%20.705-.19.898-.48h-1.796c.195.29.523.48.898.48zM36.9%2060.48c.375%200%20.705-.19.898-.48h-1.796c.193.29.523.48.898.48zM55.98%2063a1.08%201.08%200%2000-2.16%200h2.16zM48.78%2063a1.08%201.08%200%2000-1.08-1.08V63h1.08zM58.5%2060.48c.375%200%20.704-.19.898-.48h-1.796c.195.29.523.48.898.48zM51.3%2060.48c.375%200%20.705-.19.898-.48h-1.796c.193.29.523.48.898.48zM4.5%2076.32a1.08%201.08%200%2000-1.08%201.08H4.5v-1.08zM3.42%2070.2c0%20.596.484%201.08%201.08%201.08v-2.16a1.08%201.08%200%2000-1.08%201.08zM3.42%2063c0%20.596.484%201.08%201.08%201.08V63H3.42zM1.98%2066.6a1.08%201.08%200%2000-1.707-.879c.06.627.125%201.252.204%201.872a1.08%201.08%200%20001.504-.995v.002zM1.38%2072.834c.118.543.245%201.084.377%201.621a1.075%201.075%200%2000-.377-1.621zM18.9%2076.32a1.08%201.08%200%2000-1.08%201.08h1.08v-1.08zM17.82%2070.2c0%20.596.483%201.08%201.08%201.08v-2.16a1.08%201.08%200%2000-1.08%201.08zM17.82%2063c0%20.596.483%201.08%201.08%201.08V63h-1.08zM11.7%2076.32a1.08%201.08%200%2000-1.08%201.08h2.16a1.08%201.08%200%2000-1.08-1.08zM12.78%2070.2a1.08%201.08%200%2010-2.16%200%201.08%201.08%200%20002.16%200zM11.7%2064.08A1.08%201.08%200%200012.78%2063h-2.16c0%20.596.484%201.08%201.08%201.08zM4.5%2076.32v1.08h1.08a1.08%201.08%200%2000-1.08-1.08zM5.58%2070.2a1.08%201.08%200%2000-1.08-1.08v2.16a1.08%201.08%200%20001.08-1.08zM5.58%2063H4.5v1.08A1.08%201.08%200%20005.58%2063zM16.38%2066.6a1.08%201.08%200%2010-2.16%200%201.08%201.08%200%20002.16%200zM16.38%2073.8a1.08%201.08%200%2010-2.16%200%201.08%201.08%200%20002.16%200zM9.18%2066.6a1.08%201.08%200%2010-2.161%200%201.08%201.08%200%20002.161%200zM9.18%2073.8a1.08%201.08%200%2010-2.161%200%201.08%201.08%200%20002.161%200zM33.3%2077.4v-1.08a1.08%201.08%200%2000-1.08%201.08h1.08zM32.22%2070.2c0%20.596.483%201.08%201.08%201.08v-2.16a1.08%201.08%200%2000-1.08%201.08zM33.3%2064.08V63h-1.08c0%20.596.483%201.08%201.08%201.08zM26.1%2076.32a1.08%201.08%200%2000-1.08%201.08h2.16a1.08%201.08%200%2000-1.08-1.08zM27.18%2070.2a1.08%201.08%200%2010-2.16%200%201.08%201.08%200%20002.16%200zM26.1%2064.08A1.08%201.08%200%200027.18%2063h-2.16c0%20.596.483%201.08%201.08%201.08zM18.9%2076.32v1.08h1.08a1.08%201.08%200%2000-1.08-1.08zM19.98%2070.2a1.08%201.08%200%2000-1.08-1.08v2.16a1.08%201.08%200%20001.08-1.08zM19.98%2063H18.9v1.08A1.08%201.08%200%200019.98%2063zM30.78%2066.6a1.08%201.08%200%2010-2.161%200%201.08%201.08%200%20002.161%200zM30.78%2073.8a1.08%201.08%200%2010-2.161%200%201.08%201.08%200%20002.161%200zM23.58%2066.6a1.08%201.08%200%2010-2.16%200%201.08%201.08%200%20002.16%200zM23.58%2073.8a1.08%201.08%200%2010-2.16%200%201.08%201.08%200%20002.16%200zM46.62%2077.4h1.08v-1.08a1.081%201.081%200%2000-1.08%201.08zM46.62%2070.2a1.08%201.08%200%20001.08%201.08v-2.16a1.081%201.081%200%2000-1.08%201.08zM46.62%2063a1.081%201.081%200%20001.08%201.08V63h-1.08zM40.5%2076.32a1.08%201.08%200%2000-1.08%201.08h2.16a1.08%201.08%200%2000-1.08-1.08zM41.58%2070.2a1.08%201.08%200%2010-2.16%200%201.08%201.08%200%20002.16%200zM40.5%2064.08A1.08%201.08%200%200041.58%2063h-2.16c0%20.596.483%201.08%201.08%201.08zM34.38%2077.4a1.08%201.08%200%2000-1.08-1.08v1.08h1.08zM34.38%2070.2a1.08%201.08%200%2000-1.08-1.08v2.16a1.08%201.08%200%20001.08-1.08zM33.3%2064.08A1.08%201.08%200%200034.38%2063H33.3v1.08zM43.02%2066.6a1.08%201.08%200%20102.161%200%201.08%201.08%200%2000-2.161%200zM43.02%2073.8a1.08%201.08%200%20102.161%200%201.08%201.08%200%2000-2.161%200zM35.82%2066.6a1.08%201.08%200%20102.16%200%201.08%201.08%200%2000-2.16%200zM35.82%2073.8a1.08%201.08%200%20102.161%200%201.08%201.08%200%2000-2.161%200zM54.9%2076.32a1.08%201.08%200%2000-1.08%201.08h2.16a1.08%201.08%200%2000-1.08-1.08zM54.9%2069.12a1.08%201.08%200%20100%202.161%201.08%201.08%200%20000-2.161zM54.9%2064.08A1.08%201.08%200%200055.98%2063h-2.16c0%20.596.484%201.08%201.08%201.08zM48.78%2077.4a1.08%201.08%200%2000-1.08-1.08v1.08h1.08zM48.78%2070.2a1.08%201.08%200%2000-1.08-1.08v2.16a1.08%201.08%200%20001.08-1.08zM47.7%2064.08A1.08%201.08%200%200048.78%2063H47.7v1.08zM57.42%2066.6a1.08%201.08%200%20102.161%200%201.08%201.08%200%2000-2.161%200zM57.42%2073.8a1.08%201.08%200%20102.161%200%201.08%201.08%200%2000-2.161%200zM52.38%2066.6a1.08%201.08%200%2010-2.16%200%201.08%201.08%200%20002.16%200zM50.22%2073.8a1.08%201.08%200%20102.161%200%201.08%201.08%200%2000-2.161%200zM3.42%2077.4c0%20.596.484%201.08%201.08%201.08V77.4H3.42zM18.9%2090.72a1.08%201.08%200%2000-1.08%201.08h1.08v-1.08zM17.82%2084.6c0%20.597.483%201.08%201.08%201.08v-2.16a1.08%201.08%200%2000-1.08%201.08zM17.82%2077.4c0%20.596.483%201.08%201.08%201.08V77.4h-1.08zM11.7%2090.72a1.08%201.08%200%2000-1.08%201.08h2.16a1.08%201.08%200%2000-1.08-1.08zM12.78%2084.6a1.08%201.08%200%2010-2.161%200%201.08%201.08%200%20002.161%200zM11.7%2078.48a1.08%201.08%200%20001.08-1.08h-2.16c0%20.596.484%201.08%201.08%201.08zM4.807%2083.564c.216.504.44%201.004.668%201.5a1.082%201.082%200%2000-.668-1.5zM4.5%2078.48a1.08%201.08%200%20001.08-1.08H4.5v1.08zM16.38%2081a1.08%201.08%200%2010-2.16%200%201.08%201.08%200%20002.16%200zM16.38%2088.2a1.08%201.08%200%2010-2.16%200%201.08%201.08%200%20002.16%200zM9.18%2081a1.08%201.08%200%2010-2.16%200%201.08%201.08%200%20002.16%200zM9.18%2088.2a1.08%201.08%200%2000-2.159-.02c.168.315.338.625.51.936.165.104.36.165.569.165a1.08%201.08%200%20001.08-1.08zM33.3%2091.8v-1.08a1.08%201.08%200%2000-1.08%201.08h1.08zM32.22%2084.6c0%20.597.483%201.08%201.08%201.08v-2.16a1.08%201.08%200%2000-1.08%201.08zM32.22%2077.4c0%20.596.483%201.08%201.08%201.08V77.4h-1.08zM26.1%2090.72a1.08%201.08%200%2000-1.08%201.08h2.16a1.08%201.08%200%2000-1.08-1.08zM27.18%2084.6a1.08%201.08%200%2010-2.161%200%201.08%201.08%200%20002.161%200zM26.1%2078.48a1.08%201.08%200%20001.08-1.08h-2.16c0%20.596.483%201.08%201.08%201.08zM18.9%2090.72v1.08h1.08a1.08%201.08%200%2000-1.08-1.08zM19.98%2084.6a1.08%201.08%200%2000-1.08-1.08v2.16a1.08%201.08%200%20001.08-1.08zM19.98%2077.4H18.9v1.08a1.08%201.08%200%20001.08-1.08zM30.78%2081a1.08%201.08%200%2010-2.161%200%201.08%201.08%200%20002.161%200zM30.78%2088.2a1.08%201.08%200%2010-2.161%200%201.08%201.08%200%20002.161%200zM23.58%2081a1.08%201.08%200%2010-2.16%200%201.08%201.08%200%20002.16%200zM23.58%2088.2a1.08%201.08%200%2010-2.16%200%201.08%201.08%200%20002.16%200zM46.62%2091.8h1.08v-1.08a1.081%201.081%200%2000-1.08%201.08zM46.62%2084.6a1.081%201.081%200%20001.08%201.08v-2.16a1.08%201.08%200%2000-1.08%201.08zM46.62%2077.4a1.08%201.08%200%20001.08%201.08V77.4h-1.08zM40.5%2090.72a1.08%201.08%200%2000-1.08%201.08h2.16a1.08%201.08%200%2000-1.08-1.08zM39.42%2084.6a1.08%201.08%200%20102.16%200%201.08%201.08%200%2000-2.16%200zM40.5%2078.48a1.08%201.08%200%20001.08-1.08h-2.16c0%20.596.483%201.08%201.08%201.08zM33.3%2090.72v1.08h1.08a1.08%201.08%200%2000-1.08-1.08zM34.38%2084.6a1.08%201.08%200%2000-1.08-1.08v2.16a1.08%201.08%200%20001.08-1.08zM34.38%2077.4H33.3v1.08a1.08%201.08%200%20001.08-1.08zM45.18%2081a1.08%201.08%200%2010-2.16%200%201.08%201.08%200%20002.16%200zM43.02%2088.2a1.08%201.08%200%20102.161%200%201.08%201.08%200%2000-2.161%200zM35.82%2081a1.08%201.08%200%20102.16%200%201.08%201.08%200%2000-2.16%200zM35.82%2088.2a1.08%201.08%200%20102.16%200%201.08%201.08%200%2000-2.16%200zM54.9%2090.72a1.08%201.08%200%2000-1.08%201.08h2.16a1.08%201.08%200%2000-1.08-1.08zM53.82%2084.6a1.08%201.08%200%20102.161%200%201.08%201.08%200%2000-2.161%200zM54.9%2078.48a1.08%201.08%200%20001.08-1.08h-2.16c0%20.596.484%201.08%201.08%201.08zM48.78%2091.8a1.08%201.08%200%2000-1.08-1.08v1.08h1.08zM48.78%2084.6a1.08%201.08%200%2000-1.08-1.08v2.16a1.08%201.08%200%20001.08-1.08zM47.7%2078.48a1.08%201.08%200%20001.08-1.08H47.7v1.08zM59.58%2081a1.08%201.08%200%2010-2.16%200%201.08%201.08%200%20002.16%200zM57.42%2088.2a1.08%201.08%200%20102.161%200%201.08%201.08%200%2000-2.161%200zM50.22%2081a1.08%201.08%200%20102.16%200%201.08%201.08%200%2000-2.16%200zM50.22%2088.2a1.08%201.08%200%20102.16%200%201.08%201.08%200%2000-2.16%200zM17.82%2099c0%20.596.483%201.08%201.08%201.08v-2.16A1.08%201.08%200%200017.82%2099zM17.82%2091.8c0%20.596.483%201.08%201.08%201.08V91.8h-1.08zM11.7%2092.88a1.08%201.08%200%20001.08-1.08h-2.16c0%20.596.484%201.08%201.08%201.08zM16.38%2095.4a1.08%201.08%200%2010-2.16%200%201.08%201.08%200%20002.16%200zM33.3%20106.2v-1.08a1.08%201.08%200%2000-1.08%201.08h1.08zM32.22%2099c0%20.596.483%201.08%201.08%201.08v-2.16A1.08%201.08%200%200032.22%2099zM32.22%2091.8c0%20.596.483%201.08%201.08%201.08V91.8h-1.08zM26.1%20105.12a1.08%201.08%200%2000-1.08%201.08h2.16a1.08%201.08%200%2000-1.08-1.08zM27.18%2099a1.08%201.08%200%2010-2.16%200%201.08%201.08%200%20002.16%200zM26.1%2092.88a1.08%201.08%200%20001.08-1.08h-2.16c0%20.596.483%201.08%201.08%201.08zM19.98%2099a1.08%201.08%200%2000-1.08-1.08v2.16A1.08%201.08%200%200019.98%2099zM18.9%2092.88a1.08%201.08%200%20001.08-1.08H18.9v1.08zM30.78%2095.4a1.08%201.08%200%2010-2.161%200%201.08%201.08%200%20002.161%200zM30.78%20102.6a1.08%201.08%200%2010-2.161.001%201.08%201.08%200%20002.161-.001zM23.58%2095.4a1.08%201.08%200%2010-2.16%200%201.08%201.08%200%20002.16%200zM23.58%20102.6a1.08%201.08%200%2010-2.16.001%201.08%201.08%200%20002.16-.001zM47.7%20106.2v-1.08a1.08%201.08%200%2000-1.08%201.08h1.08zM46.62%2099a1.08%201.08%200%20001.08%201.08v-2.16A1.08%201.08%200%200046.62%2099zM46.62%2091.8a1.08%201.08%200%20001.08%201.08V91.8h-1.08zM40.5%20105.12a1.08%201.08%200%2000-1.08%201.08h2.16a1.08%201.08%200%2000-1.08-1.08zM41.58%2099a1.08%201.08%200%2010-2.16%200%201.08%201.08%200%20002.16%200zM40.5%2092.88a1.08%201.08%200%20001.08-1.08h-2.16c0%20.596.483%201.08%201.08%201.08zM33.3%20105.12v1.08h1.08a1.08%201.08%200%2000-1.08-1.08zM34.38%2099a1.08%201.08%200%2000-1.08-1.08v2.16A1.08%201.08%200%200034.38%2099zM34.38%2091.8H33.3v1.08a1.08%201.08%200%20001.08-1.08zM45.18%2095.4a1.08%201.08%200%2010-2.16%200%201.08%201.08%200%20002.16%200zM45.18%20102.6a1.08%201.08%200%2010-2.16.001%201.08%201.08%200%20002.16-.001zM37.98%2095.4a1.08%201.08%200%2010-2.161%200%201.08%201.08%200%20002.161%200zM37.98%20102.6a1.08%201.08%200%2010-2.16.001%201.08%201.08%200%20002.16-.001zM54.9%20105.12a1.08%201.08%200%2000-1.08%201.08h2.16a1.08%201.08%200%2000-1.08-1.08zM53.82%2099a1.08%201.08%200%20102.16%200%201.08%201.08%200%2000-2.16%200zM54.9%2092.88a1.08%201.08%200%20001.08-1.08h-2.16c0%20.596.484%201.08%201.08%201.08zM47.7%20105.12v1.08h1.08a1.08%201.08%200%2000-1.08-1.08zM48.78%2099a1.08%201.08%200%2000-1.08-1.08v2.16A1.08%201.08%200%200048.78%2099zM47.7%2092.88a1.08%201.08%200%20001.08-1.08H47.7v1.08zM57.42%2095.4a1.08%201.08%200%20102.161%200%201.08%201.08%200%2000-2.161%200zM57.42%20102.6a1.08%201.08%200%20102.161-.001%201.08%201.08%200%2000-2.161.001zM50.22%2095.4a1.08%201.08%200%20102.16%200%201.08%201.08%200%2000-2.16%200zM50.22%20102.6a1.08%201.08%200%20102.16-.001%201.08%201.08%200%2000-2.16.001zM32.24%20113.2c.351.184.705.364%201.06.541v-1.421c-.529%200-.968.38-1.06.88zM32.22%20106.2c0%20.596.483%201.08%201.08%201.08v-1.08h-1.08zM26.1%20107.28a1.08%201.08%200%20001.08-1.08h-2.16c0%20.596.483%201.08%201.08%201.08zM30.78%20109.8a1.08%201.08%200%2010-2.16%200%201.08%201.08%200%20002.16%200zM46.62%20113.4a1.08%201.08%200%20001.08%201.08v-2.16a1.08%201.08%200%2000-1.08%201.08zM46.62%20106.2a1.08%201.08%200%20001.08%201.08v-1.08h-1.08zM41.58%20113.4a1.08%201.08%200%2010-2.161.001%201.08%201.08%200%20002.161-.001zM40.5%20107.28a1.08%201.08%200%20001.08-1.08h-2.16c0%20.596.483%201.08%201.08%201.08z%22%2F%3E%3Cpath%20d%3D%22M33.3%20112.32v1.421c.264.13.527.263.793.391a1.08%201.08%200%2000-.793-1.812zM33.3%20107.28a1.08%201.08%200%20001.08-1.08H33.3v1.08zM45.18%20109.8a1.08%201.08%200%2010-2.16%200%201.08%201.08%200%20002.16%200zM45.18%20117a1.08%201.08%200%2010-1.966.616c.441.129.882.25%201.327.37a1.08%201.08%200%2000.64-.986zM37.98%20109.8a1.08%201.08%200%2010-2.16%200%201.08%201.08%200%20002.16%200zM54.9%20119.52c-.236%200-.455.076-.632.205.466.045.934.084%201.403.118a1.073%201.073%200%2000-.77-.323H54.9zM53.82%20113.4a1.08%201.08%200%20102.16-.001%201.08%201.08%200%2000-2.16.001zM54.9%20107.28a1.08%201.08%200%20001.08-1.08h-2.16c0%20.596.483%201.08%201.08%201.08zM48.78%20113.4a1.08%201.08%200%2000-1.08-1.08v2.16a1.08%201.08%200%20001.08-1.08zM47.7%20107.28a1.08%201.08%200%20001.08-1.08H47.7v1.08zM59.58%20109.8a1.08%201.08%200%2010-2.16%200%201.08%201.08%200%20002.16%200zM59.58%20117a1.08%201.08%200%2010-2.16%200%201.08%201.08%200%20002.16%200zM50.22%20109.8a1.08%201.08%200%20102.16-.001%201.08%201.08%200%2000-2.16.001zM50.22%20117a1.08%201.08%200%20102.16%200%201.08%201.08%200%2000-2.16%200zM74.341%2019.8h.72V1.907c-.24-.062-.48-.118-.72-.177v18.072-.002zM67.141%2019.8h.72V.512c-.24-.032-.48-.059-.72-.087V19.8zM60%2019.8h.66V.009c-.219-.002-.439-.01-.66-.01v19.8zM70.741%2019.8h.72V1.098c-.24-.046-.479-.095-.72-.137V19.8zM63.541%2019.8h.72V.152l-.72-.047V19.8zM95.941%2019.8h.72v-7.296c-.24-.186-.479-.372-.72-.552V19.8zM88.741%2019.8h.72V7.723c-.24-.135-.479-.271-.72-.401v12.48-.002zM81.541%2019.8h.72V4.268c-.24-.097-.48-.19-.72-.28V19.8zM92.341%2019.8h.72V9.927c-.24-.16-.479-.32-.72-.473V19.8zM85.141%2019.8h.72V5.847c-.24-.115-.48-.225-.72-.336V19.8zM77.941%2019.8h.72V2.962c-.24-.078-.479-.159-.72-.234V19.8zM103.141%2019.8h.72v-.736a62.632%2062.632%200%2000-.72-.759V19.8zM99.541%2019.8h.72v-4.286c-.238-.216-.479-.427-.72-.64V19.8z%22%2F%3E%3Cpath%20d%3D%22M74.341%2041.325v.075h.72V19.8h-.72v21.525zM67.141%2041.325v.075h.72V19.8h-.72v21.525zM60.66%2041.325V19.8H60v21.6h.66v-.075zM70.741%2041.325v.075h.72V19.8h-.72v21.525zM63.541%2041.325v.075h.72V19.8h-.72v21.525zM95.941%2041.325v.075h.72V19.8h-.72v21.525zM88.741%2041.325v.075h.72V19.8h-.72v21.525zM81.541%2022.05V41.4h.72V19.8h-.72v2.25zM92.341%2041.325v.075h.72V19.8h-.72v21.525zM85.141%2041.325v.075h.72V19.8h-.72v21.525zM77.941%2022.05V41.4h.72V19.8h-.72v2.25zM110.341%2041.4h.72V28.482c-.236-.382-.475-.76-.72-1.136V41.4zM103.141%2022.05V41.4h.72V19.8h-.72v2.25zM113.941%2041.4h.72v-6.177a57.484%2057.484%200%2000-.72-1.523v7.7zM106.741%2041.4h.72V23.293a73.002%2073.002%200%2000-.72-.911V41.4zM99.541%2022.05V41.4h.72V19.8h-.72v2.25z%22%2F%3E%3Cpath%20d%3D%22M75.06%2041.4h-.719V60h.72V41.4zM67.86%2041.4h-.719V60h.72V41.4zM60.66%2043.65V41.4H60V60h.66V43.65zM71.46%2041.4h-.719V60h.72V41.4zM64.26%2041.4h-.719V60h.72V41.4zM96.66%2041.4h-.719V60h.72V41.4zM89.46%2041.4h-.719V60h.72V41.4zM82.26%2043.65V41.4h-.719V60h.72V43.65zM93.06%2041.4h-.719V60h.72V41.4zM85.86%2041.4h-.719V60h.72V41.4zM78.66%2043.65V41.4h-.719V60h.72V43.65zM118.261%2060V45.616a59.776%2059.776%200%2000-.72-2.659V60h.72zM111.061%2041.4h-.72V60h.72V41.4zM103.861%2043.65V41.4h-.72V60h.72V43.65zM114.661%2041.4h-.72V60h.72V41.4zM107.461%2041.4h-.72V60h.72V41.4zM100.261%2043.65V41.4h-.72V60h.72V43.65zM120%20120c-33.138%200-60-26.862-60-60h60v60zM60%2060H0V0c33.138%200%2060%2026.864%2060%2060z%22%2F%3E%3C%2Fg%3E%3Cdefs%3E%3CclipPath%20id%3D%22prefix__clip0_44_400%22%3E%3Cpath%20fill%3D%22%23fff%22%20d%3D%22M0%200h120v120H0z%22%2F%3E%3C%2FclipPath%3E%3C%2Fdefs%3E%3C%2Fsvg%3E);opacity: 0.04 ;background-size:202%;mix-blend-mode:normal;\"><\/div><div class=\"awb-background-mask\" style=\"background-image:  url();opacity: 0.04 ;transform: scale(1, -1);mix-blend-mode:normal;\"><\/div><div class=\"fusion-builder-row fusion-row fusion-flex-align-items-flex-start fusion-flex-content-wrap\" style=\"width:104% !important;max-width:104% !important;margin-left: calc(-4% \/ 2 );margin-right: calc(-4% \/ 2 );\"><div class=\"fusion-layout-column fusion_builder_column fusion-builder-column-0 fusion_builder_column_1_1 1_1 fusion-flex-column\" style=\"--awb-bg-size:cover;--awb-width-large:100%;--awb-margin-top-large:0px;--awb-spacing-right-large:1.92%;--awb-margin-bottom-large:0px;--awb-spacing-left-large:1.92%;--awb-width-medium:100%;--awb-order-medium:0;--awb-spacing-right-medium:1.92%;--awb-spacing-left-medium:1.92%;--awb-width-small:100%;--awb-order-small:0;--awb-spacing-right-small:1.92%;--awb-spacing-left-small:1.92%;\"><div class=\"fusion-column-wrapper fusion-column-has-shadow fusion-flex-justify-content-flex-start fusion-content-layout-column\"><\/div><\/div><\/div><\/div><div class=\"fusion-fullwidth fullwidth-box fusion-builder-row-2 fusion-flex-container has-pattern-background has-mask-background nonhundred-percent-fullwidth non-hundred-percent-height-scrolling\" style=\"--awb-border-radius-top-left:0px;--awb-border-radius-top-right:0px;--awb-border-radius-bottom-right:0px;--awb-border-radius-bottom-left:0px;--awb-padding-top:80px;--awb-padding-bottom:80px;--awb-background-color:#ffffff;--awb-flex-wrap:wrap;\" ><div class=\"fusion-builder-row fusion-row fusion-flex-align-items-flex-start fusion-flex-content-wrap\" style=\"max-width:calc( 1365px + 80px );margin-left: calc(-80px \/ 2 );margin-right: calc(-80px \/ 2 );\"><div class=\"fusion-layout-column fusion_builder_column fusion-builder-column-1 fusion_builder_column_1_1 1_1 fusion-flex-column\" style=\"--awb-bg-size:cover;--awb-width-large:100%;--awb-margin-top-large:0px;--awb-spacing-right-large:40px;--awb-margin-bottom-large:0px;--awb-spacing-left-large:40px;--awb-width-medium:100%;--awb-order-medium:0;--awb-spacing-right-medium:40px;--awb-spacing-left-medium:40px;--awb-width-small:100%;--awb-order-small:0;--awb-spacing-right-small:40px;--awb-spacing-left-small:40px;\"><div class=\"fusion-column-wrapper fusion-column-has-shadow fusion-flex-justify-content-flex-start fusion-content-layout-column\"><div class=\"fusion-text fusion-text-1\"><p>La protecci\u00f3n del Medio Ambiente ocupa un lugar destacado dentro de los objetivos de nuestra empresa. JTPharma es consciente de la importancia de la conservaci\u00f3n del medio y la responsabilidad de la compa\u00f1\u00eda con el Medio Ambiente. Por ello, siempre vela por el bienestar animal y del entorno aplicando medidas sostenibles y amigables con el Medio Ambiente. Entendemos que la Protecci\u00f3n del Medio Ambiente como una importante responsabilidad de la direcci\u00f3n y velamos por que \u00e9sta se lleve a cabo, a trav\u00e9s de metas y directrices concretas de comportamiento en todas las funciones y \u00e1reas de nuestra actividad. La protecci\u00f3n del medio ambiente exige de todos nosotros un compromiso responsable. Este compromiso de Mejora Continua y prevenci\u00f3n del medio que nos rodea se realizar\u00e1 a trav\u00e9s de objetivos y metas medioambientales, todo ello encaminado a la mejora permanente en el respeto al Medio Ambiente. La formaci\u00f3n, sensibilizaci\u00f3n y participaci\u00f3n ser\u00e1n los pilares fundamentales, donde todos los empleados son responsables en la protecci\u00f3n del medio ambiente, por ello esta empresa se ocupa de su sensibilizaci\u00f3n y formaci\u00f3n en materia ambiental y se fomentan las sugerencias del personal, para la mejora en el campo de la protecci\u00f3n ambiental. <\/p>\n<\/div><\/div><\/div><div class=\"fusion-layout-column fusion_builder_column fusion-builder-column-2 fusion_builder_column_1_2 1_2 fusion-flex-column\" style=\"--awb-padding-top-small:40px;--awb-bg-size:cover;--awb-width-large:50%;--awb-margin-top-large:0px;--awb-spacing-right-large:40px;--awb-margin-bottom-large:0px;--awb-spacing-left-large:40px;--awb-width-medium:50%;--awb-order-medium:0;--awb-spacing-right-medium:40px;--awb-spacing-left-medium:40px;--awb-width-small:100%;--awb-order-small:0;--awb-spacing-right-small:40px;--awb-spacing-left-small:40px;\"><div class=\"fusion-column-wrapper fusion-column-has-shadow fusion-flex-justify-content-flex-start fusion-content-layout-column\"><div class=\"fusion-image-element \" style=\"--awb-caption-title-font-family:var(--h2_typography-font-family);--awb-caption-title-font-weight:var(--h2_typography-font-weight);--awb-caption-title-font-style:var(--h2_typography-font-style);--awb-caption-title-size:var(--h2_typography-font-size);--awb-caption-title-transform:var(--h2_typography-text-transform);--awb-caption-title-line-height:var(--h2_typography-line-height);--awb-caption-title-letter-spacing:var(--h2_typography-letter-spacing);\"><span class=\" fusion-imageframe imageframe-none imageframe-1 hover-type-none\"><img decoding=\"async\" width=\"573\" height=\"248\" alt=\"Sello politica medioambiental\" title=\"Sello politica medioambiental\" src=\"data:image\/svg+xml,%3Csvg%20xmlns%3D%27http%3A%2F%2Fwww.w3.org%2F2000%2Fsvg%27%20width%3D%27573%27%20height%3D%27248%27%20viewBox%3D%270%200%20573%20248%27%3E%3Crect%20width%3D%27573%27%20height%3D%27248%27%20fill-opacity%3D%220%22%2F%3E%3C%2Fsvg%3E\" data-orig-src=\"https:\/\/jtpharma.es\/nuevaweb2025\/wp-content\/uploads\/2023\/11\/Sello-politica-medioambiental.png\" class=\"lazyload img-responsive wp-image-1096\"\/><\/span><\/div><\/div><\/div><div class=\"fusion-layout-column fusion_builder_column fusion-builder-column-3 fusion_builder_column_1_2 1_2 fusion-flex-column\" style=\"--awb-padding-top-small:40px;--awb-bg-size:cover;--awb-width-large:50%;--awb-margin-top-large:0px;--awb-spacing-right-large:40px;--awb-margin-bottom-large:0px;--awb-spacing-left-large:40px;--awb-width-medium:50%;--awb-order-medium:0;--awb-spacing-right-medium:40px;--awb-spacing-left-medium:40px;--awb-width-small:100%;--awb-order-small:0;--awb-spacing-right-small:40px;--awb-spacing-left-small:40px;\"><div class=\"fusion-column-wrapper fusion-column-has-shadow fusion-flex-justify-content-flex-start fusion-content-layout-column\"><div class=\"fusion-builder-row fusion-builder-row-inner fusion-row fusion-flex-align-items-flex-start fusion-flex-content-wrap\" style=\"width:calc( 100% + 80px ) !important;max-width:calc( 100% + 80px ) !important;margin-left: calc(-80px \/ 2 );margin-right: calc(-80px \/ 2 );\"><div class=\"fusion-layout-column fusion_builder_column_inner fusion-builder-nested-column-0 fusion_builder_column_inner_1_1 1_1 fusion-flex-column\" style=\"--awb-bg-size:cover;--awb-width-large:100%;--awb-margin-top-large:0px;--awb-spacing-right-large:40px;--awb-margin-bottom-large:20px;--awb-spacing-left-large:40px;--awb-width-medium:100%;--awb-order-medium:0;--awb-spacing-right-medium:40px;--awb-spacing-left-medium:40px;--awb-width-small:100%;--awb-order-small:0;--awb-spacing-right-small:40px;--awb-spacing-left-small:40px;\"><div class=\"fusion-column-wrapper fusion-column-has-shadow fusion-flex-justify-content-flex-start fusion-content-layout-column\"><div class=\"fusion-text fusion-text-2\" style=\"--awb-font-size:18px;--awb-line-height:1.8;--awb-letter-spacing:0.010em;--awb-text-transform:var(--awb-typography4-text-transform);--awb-text-color:#444444;--awb-text-font-family:&quot;Lexend&quot;;--awb-text-font-style:normal;--awb-text-font-weight:300;\"><p><strong>JTPharma <\/strong>cuenta con fabricantes y proveedores que cumplen con los requisitos requeridos por la legislaci\u00f3n ambiental vigente. Adem\u00e1s, apuesta por el incremento de ahorro de recursos y energ\u00eda, as\u00ed como la gesti\u00f3n y minimizaci\u00f3n de residuos resultado de su actividad. Todos nuestros productos cuentan con embalajes con certificaci\u00f3n FSC mixto, procedente de fuentes responsables. <\/p>\n<\/div><\/div><\/div><\/div><\/div><\/div><\/div><\/div><\/p>\n","protected":false},"excerpt":{"rendered":"","protected":false},"author":2,"featured_media":0,"parent":0,"menu_order":0,"comment_status":"closed","ping_status":"closed","template":"100-width.php","meta":{"footnotes":""},"yst_prominent_words":[],"class_list":["post-1093","page","type-page","status-publish","hentry"],"_links":{"self":[{"href":"https:\/\/jtpharma.es\/nuevaweb2025\/wp-json\/wp\/v2\/pages\/1093","targetHints":{"allow":["GET"]}}],"collection":[{"href":"https:\/\/jtpharma.es\/nuevaweb2025\/wp-json\/wp\/v2\/pages"}],"about":[{"href":"https:\/\/jtpharma.es\/nuevaweb2025\/wp-json\/wp\/v2\/types\/page"}],"author":[{"embeddable":true,"href":"https:\/\/jtpharma.es\/nuevaweb2025\/wp-json\/wp\/v2\/users\/2"}],"replies":[{"embeddable":true,"href":"https:\/\/jtpharma.es\/nuevaweb2025\/wp-json\/wp\/v2\/comments?post=1093"}],"version-history":[{"count":4,"href":"https:\/\/jtpharma.es\/nuevaweb2025\/wp-json\/wp\/v2\/pages\/1093\/revisions"}],"predecessor-version":[{"id":2721,"href":"https:\/\/jtpharma.es\/nuevaweb2025\/wp-json\/wp\/v2\/pages\/1093\/revisions\/2721"}],"wp:attachment":[{"href":"https:\/\/jtpharma.es\/nuevaweb2025\/wp-json\/wp\/v2\/media?parent=1093"}],"wp:term":[{"taxonomy":"yst_prominent_words","embeddable":true,"href":"https:\/\/jtpharma.es\/nuevaweb2025\/wp-json\/wp\/v2\/yst_prominent_words?post=1093"}],"curies":[{"name":"wp","href":"https:\/\/api.w.org\/{rel}","templated":true}]}}